{"id":9032,"date":"2021-05-11T11:07:20","date_gmt":"2021-05-11T14:07:20","guid":{"rendered":"https:\/\/www.uplifeseguros.com.br\/?page_id=9032"},"modified":"2021-12-08T08:45:09","modified_gmt":"2021-12-08T11:45:09","slug":"entidades-de-classe-e-operadoras-parceiras","status":"publish","type":"page","link":"https:\/\/www.uplifeseguros.com.br\/?page_id=9032","title":{"rendered":"Entidades de Classe e Operadoras Parceiras"},"content":{"rendered":"<style type=\"text\/css\" data-type=\"vc_cmsms_shortcodes-custom-css\"><\/style><p>[vc_row full_width=&#8221;stretch_row&#8221; css=&#8221;.vc_custom_1590109614471{margin-top: 0px !important;margin-right: 0px !important;margin-bottom: 0px !important;margin-left: 0px !important;border-top-width: 0px !important;border-right-width: 0px !important;border-bottom-width: 0px !important;border-left-width: 0px !important;padding-top: 0px !important;padding-right: 0px !important;padding-bottom: 0px !important;padding-left: 0px !important;background-image: url(http:\/\/www.uplifeseguros.com.br\/wp-content\/uploads\/2020\/05\/banner-corretora.png?id=8692) !important;background-position: center !important;background-repeat: no-repeat !important;background-size: cover !important;}&#8221;][vc_column css=&#8221;.vc_custom_1483001620974{margin-top: 0px !important;margin-right: 0px !important;margin-bottom: 0px !important;margin-left: 0px !important;border-top-width: 0px !important;border-right-width: 0px !important;border-bottom-width: 0px !important;border-left-width: 0px !important;padding-top: 0px !important;padding-right: 0px !important;padding-bottom: 0px !important;padding-left: 0px !important;}&#8221;][vc_custom_heading text=&#8221;Operadoras e Entidades de Classe&#8221; font_container=&#8221;tag:h2|font_size:50px|text_align:center|color:%23ffffff|line_height:60px&#8221; google_fonts=&#8221;font_family:Amaranth%3Aregular%2Citalic%2C700%2C700italic|font_style:400%20italic%3A400%3Aitalic&#8221; css=&#8221;.vc_custom_1621359759242{padding-top: 200px !important;padding-bottom: 200px !important;}&#8221;][\/vc_column][\/vc_row][vc_row full_width=&#8221;stretch_row_content_no_spaces&#8221;][vc_column][vc_empty_space height=&#8221;20px&#8221;][\/vc_column][\/vc_row][vc_row css=&#8221;.vc_custom_1620673133950{margin-top: 0px !important;margin-right: 0px !important;margin-bottom: 0px !important;margin-left: 0px !important;border-right-width: 0px !important;border-left-width: 0px !important;padding-top: 0px !important;padding-right: 0px !important;padding-bottom: 0px !important;padding-left: 0px !important;background-color: #ffffff !important;}&#8221;][vc_column css=&#8221;.vc_custom_1526288857630{padding-top: 20px !important;}&#8221; offset=&#8221;vc_hidden-xs&#8221;][vc_custom_heading text=&#8221;Planos de sa\u00fade e odontol\u00f3gicos&#8221; font_container=&#8221;tag:h2|text_align:center&#8221; google_fonts=&#8221;font_family:Fira%20Sans%3A300%2C300italic%2C400%2C400italic%2C500%2C500italic%2C700%2C700italic|font_style:400%20regular%3A400%3Anormal&#8221; css=&#8221;.vc_custom_1620684677860{margin-bottom: 0px !important;padding-bottom: 0px !important;}&#8221;][vc_custom_heading text=&#8221;Operadoras <strong>Parceiras<\/strong>&#8221; font_container=&#8221;tag:h1|font_size:45px|text_align:center&#8221; google_fonts=&#8221;font_family:Fira%20Sans%3A300%2C300italic%2C400%2C400italic%2C500%2C500italic%2C700%2C700italic|font_style:500%20bold%20regular%3A500%3Anormal&#8221;][vc_column_text]<\/p>\n<p style=\"font-size: 18px; font-family: Fira Sans; font-weight: 100; line-height: 28px;\">Segundo a Lei 9.656, uma <strong>Operadora de Plano<\/strong> de Assist\u00eancia \u00e0 <strong>Sa\u00fade<\/strong> pode ser definida como a pessoa jur\u00eddica registrada na ANS (Ag\u00eancia Nacional de Sa\u00fade) que administra, comercializa ou disponibiliza o <strong>Plano<\/strong> de Assist\u00eancia \u00e0 <strong>Sa\u00fade.<\/strong><\/p>\n<p>[\/vc_column_text][\/vc_column][\/vc_row][vc_row full_width=&#8221;stretch_row&#8221; css=&#8221;.vc_custom_1620671651963{margin-top: 0px !important;margin-right: 0px !important;margin-bottom: 0px !important;margin-left: 0px !important;border-right-width: 0px !important;border-left-width: 0px !important;padding-top: 0px !important;padding-right: 0px !important;padding-bottom: 0px !important;padding-left: 0px !important;background-color: #ffffff !important;}&#8221;][vc_column width=&#8221;1\/4&#8243; css=&#8221;.vc_custom_1526288857630{padding-top: 20px !important;}&#8221; offset=&#8221;vc_hidden-xs&#8221;][\/vc_column][vc_column width=&#8221;1\/4&#8243;][vc_single_image image=&#8221;9119&#8243; img_size=&#8221;full&#8221; alignment=&#8221;center&#8221; style=&#8221;vc_box_shadow&#8221; css_animation=&#8221;none&#8221;][vc_btn title=&#8221;Visualizar PDF&#8221; style=&#8221;classic&#8221; color=&#8221;primary&#8221; size=&#8221;lg&#8221; align=&#8221;center&#8221; i_icon_fontawesome=&#8221;fa fa-eye&#8221; uniqid=&#8221;cmsms_shcd_609c0e77b24a07_80437914&#8243; button_block=&#8221;true&#8221; add_icon=&#8221;true&#8221; link=&#8221;url:https%3A%2F%2Fwww.uplifeseguros.com.br%2Fwp-content%2Fuploads%2F2021%2F05%2Ftabela-de-vendas-Medical-Health-ACIMPE.pdf||target:%20_blank|&#8221;][vc_btn title=&#8221;Proposta de Venda&#8221; style=&#8221;classic&#8221; color=&#8221;primary&#8221; size=&#8221;lg&#8221; align=&#8221;center&#8221; i_icon_fontawesome=&#8221;fa fa-eye&#8221; uniqid=&#8221;cmsms_shcd_60b0ee7a17de70_31186825&#8243; button_block=&#8221;true&#8221; add_icon=&#8221;true&#8221; link=&#8221;url:https%3A%2F%2Fwww.uplifeseguros.com.br%2Fwp-content%2Fuploads%2F2021%2F05%2FProposta-de-Venda-Medical-Health.pdf||target:%20_blank|&#8221;][\/vc_column][vc_column width=&#8221;1\/4&#8243;][vc_single_image image=&#8221;9117&#8243; img_size=&#8221;full&#8221; alignment=&#8221;center&#8221; style=&#8221;vc_box_shadow&#8221; css_animation=&#8221;none&#8221;][vc_btn title=&#8221;Visualizar PDF<br \/>\n(S\u00e3o Paulo e Grande S\u00e3o Paulo)&#8221; style=&#8221;classic&#8221; color=&#8221;primary&#8221; size=&#8221;lg&#8221; align=&#8221;center&#8221; i_icon_fontawesome=&#8221;fa fa-eye&#8221; uniqid=&#8221;cmsms_shcd_60b149e6c49fe2_15480937&#8243; button_block=&#8221;true&#8221; add_icon=&#8221;true&#8221; link=&#8221;url:https%3A%2F%2Fwww.uplifeseguros.com.br%2Fwp-content%2Fuploads%2F2021%2F05%2FTabela-ACIMPE-UPLIFE-Classes-SP-SP-ABC-e-Baixada.pdf||target:%20_blank|&#8221;][vc_btn title=&#8221;Visualizar PDF<br \/>\n(Baixada Santista)&#8221; style=&#8221;classic&#8221; color=&#8221;primary&#8221; size=&#8221;lg&#8221; align=&#8221;center&#8221; i_icon_fontawesome=&#8221;fa fa-eye&#8221; uniqid=&#8221;cmsms_shcd_60b149dc0a5481_87001006&#8243; button_block=&#8221;true&#8221; add_icon=&#8221;true&#8221; link=&#8221;url:https%3A%2F%2Fwww.uplifeseguros.com.br%2Fwp-content%2Fuploads%2F2021%2F05%2Ftabela-precos-CLASSES-SANTOS.pdf||target:%20_blank|&#8221;][vc_btn title=&#8221;Proposta de Venda&#8221; style=&#8221;classic&#8221; color=&#8221;primary&#8221; size=&#8221;lg&#8221; align=&#8221;center&#8221; i_icon_fontawesome=&#8221;fa fa-eye&#8221; uniqid=&#8221;cmsms_shcd_60b0f51bcd5141_93193851&#8243; button_block=&#8221;true&#8221; add_icon=&#8221;true&#8221; link=&#8221;url:https%3A%2F%2Fwww.uplifeseguros.com.br%2Fwp-content%2Fuploads%2F2021%2F05%2FProposta-de-Venda-CLASSES-ACIMPE-04-2021.pdf||target:%20_blank|&#8221;][\/vc_column][vc_column width=&#8221;1\/4&#8243;][\/vc_column][\/vc_row][vc_row full_width=&#8221;stretch_row&#8221; disable_element=&#8221;yes&#8221; css=&#8221;.vc_custom_1638963888150{margin-top: 0px !important;margin-right: 0px !important;margin-bottom: 0px !important;margin-left: 0px !important;border-right-width: 0px !important;border-left-width: 0px !important;padding-top: 0px !important;padding-right: 0px !important;padding-bottom: 0px !important;padding-left: 0px !important;background-color: #ffffff !important;}&#8221;][vc_column width=&#8221;1\/3&#8243; css=&#8221;.vc_custom_1526288857630{padding-top: 20px !important;}&#8221; offset=&#8221;vc_hidden-xs&#8221;][\/vc_column][vc_column width=&#8221;1\/3&#8243;][vc_single_image image=&#8221;9118&#8243; img_size=&#8221;full&#8221; alignment=&#8221;center&#8221; style=&#8221;vc_box_shadow&#8221; css_animation=&#8221;none&#8221;][vc_btn title=&#8221;Visualizar PDF&#8221; style=&#8221;classic&#8221; color=&#8221;primary&#8221; size=&#8221;lg&#8221; align=&#8221;center&#8221; i_icon_fontawesome=&#8221;fa fa-eye&#8221; uniqid=&#8221;cmsms_shcd_60a3f9a3122515_64102039&#8243; button_block=&#8221;true&#8221; add_icon=&#8221;true&#8221; link=&#8221;url:https%3A%2F%2Fwww.uplifeseguros.com.br%2Fwp-content%2Fuploads%2F2021%2F05%2Ftabela-prec%CC%A7os-acimpe-sp.pdf||target:%20_blank|&#8221;][vc_btn title=&#8221;Visualizar PDF<br \/>\n(Campinas e regi\u00e3o)&#8221; style=&#8221;classic&#8221; color=&#8221;primary&#8221; size=&#8221;lg&#8221; align=&#8221;center&#8221; i_icon_fontawesome=&#8221;fa fa-eye&#8221; uniqid=&#8221;cmsms_shcd_60b149ce98ef23_27429518&#8243; button_block=&#8221;true&#8221; add_icon=&#8221;true&#8221; link=&#8221;url:https%3A%2F%2Fwww.uplifeseguros.com.br%2Fwp-content%2Fuploads%2F2021%2F05%2Ftabela-prec%CC%A7os-acimpe-campinas.pdf||target:%20_blank|&#8221;][vc_btn title=&#8221;Proposta de venda&#8221; style=&#8221;classic&#8221; color=&#8221;primary&#8221; size=&#8221;lg&#8221; align=&#8221;center&#8221; i_icon_fontawesome=&#8221;fa fa-eye&#8221; uniqid=&#8221;cmsms_shcd_60b149c1402f38_52199923&#8243; button_block=&#8221;true&#8221; add_icon=&#8221;true&#8221; link=&#8221;url:https%3A%2F%2Fwww.uplifeseguros.com.br%2Fwp-content%2Fuploads%2F2021%2F05%2Fcontrato-acimpe.pdf||target:%20_blank|&#8221;][\/vc_column][vc_column width=&#8221;1\/3&#8243;][\/vc_column][\/vc_row][vc_row full_width=&#8221;stretch_row_content_no_spaces&#8221;][vc_column][vc_empty_space][\/vc_column][\/vc_row][vc_row full_width=&#8221;stretch_row&#8221; css=&#8221;.vc_custom_1589984817289{padding-top: 10px !important;padding-bottom: 30px !important;background-color: #8224e3 !important;}&#8221;][vc_column width=&#8221;1\/3&#8243;][\/vc_column][vc_column width=&#8221;1\/3&#8243;][vc_custom_heading text=&#8221;N\u00e3o encontrou o que procurava?&#8221; font_container=&#8221;tag:h2|font_size:25|text_align:center|color:%23ffffff&#8221; google_fonts=&#8221;font_family:Fira%20Sans%3A300%2C300italic%2C400%2C400italic%2C500%2C500italic%2C700%2C700italic|font_style:500%20bold%20regular%3A500%3Anormal&#8221; css=&#8221;.vc_custom_1589983437548{padding-top: 10px !important;}&#8221;]\n<div class=\"wpcf7 no-js\" id=\"wpcf7-f8679-o1\" lang=\"pt-PT\" dir=\"ltr\" data-wpcf7-id=\"8679\">\n<div class=\"screen-reader-response\"><p role=\"status\" aria-live=\"polite\" aria-atomic=\"true\"><\/p> <ul><\/ul><\/div>\n<form action=\"\/index.php?rest_route=%2Fwp%2Fv2%2Fpages%2F9032#wpcf7-f8679-o1\" method=\"post\" class=\"wpcf7-form init\" aria-label=\"Formul\u00e1rio de contacto\" novalidate=\"novalidate\" data-status=\"init\">\n<div style=\"display: none;\">\n<input type=\"hidden\" name=\"_wpcf7\" value=\"8679\" \/>\n<input type=\"hidden\" name=\"_wpcf7_version\" value=\"6.0.4\" \/>\n<input type=\"hidden\" name=\"_wpcf7_locale\" value=\"pt_PT\" \/>\n<input type=\"hidden\" name=\"_wpcf7_unit_tag\" value=\"wpcf7-f8679-o1\" \/>\n<input type=\"hidden\" name=\"_wpcf7_container_post\" value=\"0\" \/>\n<input type=\"hidden\" name=\"_wpcf7_posted_data_hash\" value=\"\" \/>\n<\/div>\n<p><span class=\"wpcf7-form-control-wrap\" data-name=\"nome\"><input size=\"40\" maxlength=\"400\" class=\"wpcf7-form-control wpcf7-text wpcf7-validates-as-required\" aria-required=\"true\" aria-invalid=\"false\" placeholder=\"Nome\" value=\"\" type=\"text\" name=\"nome\" \/><\/span>\n<\/p>\n<p><span class=\"wpcf7-form-control-wrap\" data-name=\"fone\"><input size=\"40\" maxlength=\"400\" class=\"wpcf7-form-control wpcf7-tel wpcf7-validates-as-required wpcf7-text wpcf7-validates-as-tel\" aria-required=\"true\" aria-invalid=\"false\" placeholder=\"Telefone\" value=\"\" type=\"tel\" name=\"fone\" \/><\/span>\n<\/p>\n<p><span class=\"wpcf7-form-control-wrap\" data-name=\"email\"><input size=\"40\" maxlength=\"400\" class=\"wpcf7-form-control wpcf7-email wpcf7-validates-as-required wpcf7-text wpcf7-validates-as-email\" aria-required=\"true\" aria-invalid=\"false\" placeholder=\"Email\" value=\"\" type=\"email\" name=\"email\" \/><\/span>\n<\/p>\n<p><input class=\"wpcf7-form-control wpcf7-submit has-spinner\" type=\"submit\" value=\"Solicitar contato\" \/>\n<\/p><p style=\"display: none !important;\" class=\"akismet-fields-container\" data-prefix=\"_wpcf7_ak_\"><label>&#916;<textarea name=\"_wpcf7_ak_hp_textarea\" cols=\"45\" rows=\"8\" maxlength=\"100\"><\/textarea><\/label><input type=\"hidden\" id=\"ak_js_1\" name=\"_wpcf7_ak_js\" value=\"133\"\/><script>document.getElementById( \"ak_js_1\" ).setAttribute( \"value\", ( new Date() ).getTime() );<\/script><\/p><div class=\"wpcf7-response-output\" aria-hidden=\"true\"><\/div>\n<\/form>\n<\/div>\n[\/vc_column][vc_column width=&#8221;1\/3&#8243;][\/vc_column][\/vc_row]<\/p>\n","protected":false},"excerpt":{"rendered":"<p>[vc_row full_width=&#8221;stretch_row&#8221; css=&#8221;.vc_custom_1590109614471{margin-top: 0px !important;margin-right: 0px !important;margin-bottom: 0px !important;margin-left: 0px !important;border-top-width: 0px !important;border-right-width: 0px !important;border-bottom-width: 0px !important;border-left-width: 0px !important;padding-top: 0px !important;padding-right: 0px !important;padding-bottom: 0px !important;padding-left: 0px !important;background-image: url(http:\/\/www.uplifeseguros.com.br\/wp-content\/uploads\/2020\/05\/banner-corretora.png?id=8692) !important;background-position: center !important;background-repeat: no-repeat !important;background-size: cover !important;}&#8221;][vc_column css=&#8221;.vc_custom_1483001620974{margin-top: 0px !important;margin-right: 0px !important;margin-bottom: 0px !important;margin-left: 0px !important;border-top-width: 0px !important;border-right-width: 0px !important;border-bottom-width: 0px !important;border-left-width: 0px !important;padding-top: 0px !important;padding-right: 0px&#8230;<\/p>\n","protected":false},"author":1,"featured_media":0,"parent":0,"menu_order":0,"comment_status":"closed","ping_status":"closed","template":"","meta":{"footnotes":""},"class_list":["post-9032","page","type-page","status-publish","hentry"],"_links":{"self":[{"href":"https:\/\/www.uplifeseguros.com.br\/index.php?rest_route=\/wp\/v2\/pages\/9032","targetHints":{"allow":["GET"]}}],"collection":[{"href":"https:\/\/www.uplifeseguros.com.br\/index.php?rest_route=\/wp\/v2\/pages"}],"about":[{"href":"https:\/\/www.uplifeseguros.com.br\/index.php?rest_route=\/wp\/v2\/types\/page"}],"author":[{"embeddable":true,"href":"https:\/\/www.uplifeseguros.com.br\/index.php?rest_route=\/wp\/v2\/users\/1"}],"replies":[{"embeddable":true,"href":"https:\/\/www.uplifeseguros.com.br\/index.php?rest_route=%2Fwp%2Fv2%2Fcomments&post=9032"}],"version-history":[{"count":50,"href":"https:\/\/www.uplifeseguros.com.br\/index.php?rest_route=\/wp\/v2\/pages\/9032\/revisions"}],"predecessor-version":[{"id":9147,"href":"https:\/\/www.uplifeseguros.com.br\/index.php?rest_route=\/wp\/v2\/pages\/9032\/revisions\/9147"}],"wp:attachment":[{"href":"https:\/\/www.uplifeseguros.com.br\/index.php?rest_route=%2Fwp%2Fv2%2Fmedia&parent=9032"}],"curies":[{"name":"wp","href":"https:\/\/api.w.org\/{rel}","templated":true}]}}